{"id":56524,"date":"2025-10-20T16:26:39","date_gmt":"2025-10-20T16:26:39","guid":{"rendered":"https:\/\/eros8.de\/product\/dream-rose-2\/"},"modified":"2025-10-26T21:06:16","modified_gmt":"2025-10-26T21:06:16","slug":"dream-rose-2","status":"publish","type":"product","link":"https:\/\/eros8.de\/de\/produkt\/dream-rose-2\/","title":{"rendered":"Dream Rose"},"content":{"rendered":"","protected":false},"excerpt":{"rendered":"<p>Kaufen Sie Klitoris Sucker Vibrator f\u00fcr Frauen Vagina G-Punkt Vibrator Weiblicher Masturbator Klitoris Stimulator Erwachsene Waren Rose Sex Spielzeug f\u00fcr Frauen bei Eros8. Genie\u00dfen Sie \u2713Kostenloser Versand weltweit! \u2713Zeitlich begrenzter Verkauf \u2713Einfache R\u00fcckgabe.<\/p>","protected":false},"featured_media":56518,"comment_status":"open","ping_status":"closed","template":"","meta":[],"product_brand":[],"product_cat":[543,532,544,546,535,542,538,539,547,541,249,239,231],"product_tag":[310,376,364,373,367,375,378,371,368,372,362,299,377,374],"class_list":{"0":"post-56524","1":"product","2":"type-product","3":"status-publish","4":"has-post-thumbnail","6":"product_cat-adults","7":"product_cat-anal","8":"product_cat-masturbation","9":"product_cat-stimulator","10":"product_cat-toy","11":"product_cat-toys","12":"product_cat-vagina","13":"product_cat-vibrating","14":"product_cat-vibrator","15":"product_cat-women","16":"product_cat-bestsellers","17":"product_cat-couples-toys","18":"product_cat-for-women","19":"product_tag-eros8","20":"product_tag-erwachsene","21":"product_tag-frauen","22":"product_tag-g-punkt","23":"product_tag-klitoris","24":"product_tag-masturbator","25":"product_tag-rose","26":"product_tag-spielzeug","27":"product_tag-stimulator","28":"product_tag-sucker","29":"product_tag-vagina-2","30":"product_tag-vibrator","31":"product_tag-waren","32":"product_tag-weiblicher","34":"first","35":"instock","36":"shipping-taxable","37":"purchasable","38":"product-type-variable"},"yoast_head":"<!-- This site is optimized with the Yoast SEO plugin v26.2 - https:\/\/yoast.com\/wordpress\/plugins\/seo\/ -->\n<title>Klitoris Sucker Vibrator f\u00fcr Frauen Vagina G-Punkt Vibrator Weiblicher Masturbator Klitoris Stimulator Erwachsene Waren Rose Sex Spielzeug f\u00fcr Frauen<\/title>\n<meta name=\"description\" content=\"Spezifikationen:window.adminAccountId=6002980896;\" \/>\n<meta name=\"robots\" content=\"index, follow, max-snippet:-1, max-image-preview:large, max-video-preview:-1\" \/>\n<link rel=\"canonical\" href=\"https:\/\/eros8.de\/de\/produkt\/dream-rose-2\/\" \/>\n<meta property=\"og:locale\" content=\"de_DE\" \/>\n<meta property=\"og:type\" content=\"article\" \/>\n<meta property=\"og:title\" content=\"Klitoris Sucker Vibrator f\u00fcr Frauen Vagina G-Punkt Vibrator Weiblicher Masturbator Klitoris Stimulator Erwachsene Waren Rose Sex Spielzeug f\u00fcr Frauen\" \/>\n<meta property=\"og:description\" content=\"Spezifikationen:window.adminAccountId=6002980896;\" \/>\n<meta property=\"og:url\" content=\"https:\/\/eros8.de\/de\/produkt\/dream-rose-2\/\" \/>\n<meta property=\"og:site_name\" content=\"Eros 8\" \/>\n<meta property=\"article:modified_time\" content=\"2025-10-26T21:06:16+00:00\" \/>\n<meta property=\"og:image\" content=\"https:\/\/eros8.de\/wp-content\/uploads\/2025\/10\/S68d1214fa71343428fc27bc73ac1ed8aj.webp\" \/>\n\t<meta property=\"og:image:width\" content=\"1000\" \/>\n\t<meta property=\"og:image:height\" content=\"1000\" \/>\n\t<meta property=\"og:image:type\" content=\"image\/webp\" \/>\n<meta name=\"twitter:card\" content=\"summary_large_image\" \/>\n<meta name=\"twitter:label1\" content=\"Gesch\u00e4tzte Lesezeit\" \/>\n\t<meta name=\"twitter:data1\" content=\"1\u00a0Minute\" \/>\n<script type=\"application\/ld+json\" class=\"yoast-schema-graph\">{\"@context\":\"https:\/\/schema.org\",\"@graph\":[{\"@type\":\"WebPage\",\"@id\":\"https:\/\/eros8.de\/product\/dream-rose-2\/\",\"url\":\"https:\/\/eros8.de\/product\/dream-rose-2\/\",\"name\":\"Klitoris Sucker Vibrator f\u00fcr Frauen Vagina G-Punkt Vibrator Weiblicher Masturbator Klitoris Stimulator Erwachsene Waren Rose Sex Spielzeug f\u00fcr Frauen\",\"isPartOf\":{\"@id\":\"https:\/\/eros8.de\/#website\"},\"primaryImageOfPage\":{\"@id\":\"https:\/\/eros8.de\/product\/dream-rose-2\/#primaryimage\"},\"image\":{\"@id\":\"https:\/\/eros8.de\/product\/dream-rose-2\/#primaryimage\"},\"thumbnailUrl\":\"https:\/\/eros8.de\/wp-content\/uploads\/2025\/10\/S68d1214fa71343428fc27bc73ac1ed8aj.webp\",\"datePublished\":\"2025-10-20T16:26:39+00:00\",\"dateModified\":\"2025-10-26T21:06:16+00:00\",\"description\":\"Spezifikationen:window.adminAccountId=6002980896;\",\"breadcrumb\":{\"@id\":\"https:\/\/eros8.de\/product\/dream-rose-2\/#breadcrumb\"},\"inLanguage\":\"de\",\"potentialAction\":[{\"@type\":\"ReadAction\",\"target\":[\"https:\/\/eros8.de\/product\/dream-rose-2\/\"]}]},{\"@type\":\"ImageObject\",\"inLanguage\":\"de\",\"@id\":\"https:\/\/eros8.de\/product\/dream-rose-2\/#primaryimage\",\"url\":\"https:\/\/eros8.de\/wp-content\/uploads\/2025\/10\/S68d1214fa71343428fc27bc73ac1ed8aj.webp\",\"contentUrl\":\"https:\/\/eros8.de\/wp-content\/uploads\/2025\/10\/S68d1214fa71343428fc27bc73ac1ed8aj.webp\",\"width\":1000,\"height\":1000},{\"@type\":\"BreadcrumbList\",\"@id\":\"https:\/\/eros8.de\/product\/dream-rose-2\/#breadcrumb\",\"itemListElement\":[{\"@type\":\"ListItem\",\"position\":1,\"name\":\"Home\",\"item\":\"https:\/\/eros8.de\/\"},{\"@type\":\"ListItem\",\"position\":2,\"name\":\"Shop\",\"item\":\"https:\/\/eros8.de\/shop\/\"},{\"@type\":\"ListItem\",\"position\":3,\"name\":\"Dream Rose\"}]},{\"@type\":\"WebSite\",\"@id\":\"https:\/\/eros8.de\/#website\",\"url\":\"https:\/\/eros8.de\/\",\"name\":\"Eros 8\",\"description\":\"Sex Shop &amp; Lingerie Store\",\"publisher\":{\"@id\":\"https:\/\/eros8.de\/#organization\"},\"potentialAction\":[{\"@type\":\"SearchAction\",\"target\":{\"@type\":\"EntryPoint\",\"urlTemplate\":\"https:\/\/eros8.de\/?s={search_term_string}\"},\"query-input\":{\"@type\":\"PropertyValueSpecification\",\"valueRequired\":true,\"valueName\":\"search_term_string\"}}],\"inLanguage\":\"de\"},{\"@type\":\"Organization\",\"@id\":\"https:\/\/eros8.de\/#organization\",\"name\":\"Eros 8\",\"url\":\"https:\/\/eros8.de\/\",\"logo\":{\"@type\":\"ImageObject\",\"inLanguage\":\"de\",\"@id\":\"https:\/\/eros8.de\/#\/schema\/logo\/image\/\",\"url\":\"https:\/\/eros8.de\/wp-content\/uploads\/2025\/10\/EROS8.png\",\"contentUrl\":\"https:\/\/eros8.de\/wp-content\/uploads\/2025\/10\/EROS8.png\",\"width\":256,\"height\":256,\"caption\":\"Eros 8\"},\"image\":{\"@id\":\"https:\/\/eros8.de\/#\/schema\/logo\/image\/\"}}]}<\/script>\n<!-- \/ Yoast SEO plugin. -->","yoast_head_json":{"title":"Klitoris Sucker Vibrator f\u00fcr Frauen Vagina G-Punkt Vibrator Weiblicher Masturbator Klitoris Stimulator Erwachsene Waren Rose Sex Spielzeug f\u00fcr Frauen","description":"Spezifikationen:window.adminAccountId=6002980896;","robots":{"index":"index","follow":"follow","max-snippet":"max-snippet:-1","max-image-preview":"max-image-preview:large","max-video-preview":"max-video-preview:-1"},"canonical":"https:\/\/eros8.de\/de\/produkt\/dream-rose-2\/","og_locale":"de_DE","og_type":"article","og_title":"Klitoris Sucker Vibrator f\u00fcr Frauen Vagina G-Punkt Vibrator Weiblicher Masturbator Klitoris Stimulator Erwachsene Waren Rose Sex Spielzeug f\u00fcr Frauen","og_description":"Spezifikationen:window.adminAccountId=6002980896;","og_url":"https:\/\/eros8.de\/de\/produkt\/dream-rose-2\/","og_site_name":"Eros 8","article_modified_time":"2025-10-26T21:06:16+00:00","og_image":[{"width":1000,"height":1000,"url":"https:\/\/eros8.de\/wp-content\/uploads\/2025\/10\/S68d1214fa71343428fc27bc73ac1ed8aj.webp","type":"image\/webp"}],"twitter_card":"summary_large_image","twitter_misc":{"Gesch\u00e4tzte Lesezeit":"1\u00a0Minute"},"schema":{"@context":"https:\/\/schema.org","@graph":[{"@type":"WebPage","@id":"https:\/\/eros8.de\/product\/dream-rose-2\/","url":"https:\/\/eros8.de\/product\/dream-rose-2\/","name":"Klitoris Sucker Vibrator f\u00fcr Frauen Vagina G-Punkt Vibrator Weiblicher Masturbator Klitoris Stimulator Erwachsene Waren Rose Sex Spielzeug f\u00fcr Frauen","isPartOf":{"@id":"https:\/\/eros8.de\/#website"},"primaryImageOfPage":{"@id":"https:\/\/eros8.de\/product\/dream-rose-2\/#primaryimage"},"image":{"@id":"https:\/\/eros8.de\/product\/dream-rose-2\/#primaryimage"},"thumbnailUrl":"https:\/\/eros8.de\/wp-content\/uploads\/2025\/10\/S68d1214fa71343428fc27bc73ac1ed8aj.webp","datePublished":"2025-10-20T16:26:39+00:00","dateModified":"2025-10-26T21:06:16+00:00","description":"Spezifikationen:window.adminAccountId=6002980896;","breadcrumb":{"@id":"https:\/\/eros8.de\/product\/dream-rose-2\/#breadcrumb"},"inLanguage":"de","potentialAction":[{"@type":"ReadAction","target":["https:\/\/eros8.de\/product\/dream-rose-2\/"]}]},{"@type":"ImageObject","inLanguage":"de","@id":"https:\/\/eros8.de\/product\/dream-rose-2\/#primaryimage","url":"https:\/\/eros8.de\/wp-content\/uploads\/2025\/10\/S68d1214fa71343428fc27bc73ac1ed8aj.webp","contentUrl":"https:\/\/eros8.de\/wp-content\/uploads\/2025\/10\/S68d1214fa71343428fc27bc73ac1ed8aj.webp","width":1000,"height":1000},{"@type":"BreadcrumbList","@id":"https:\/\/eros8.de\/product\/dream-rose-2\/#breadcrumb","itemListElement":[{"@type":"ListItem","position":1,"name":"Home","item":"https:\/\/eros8.de\/"},{"@type":"ListItem","position":2,"name":"Shop","item":"https:\/\/eros8.de\/shop\/"},{"@type":"ListItem","position":3,"name":"Dream Rose"}]},{"@type":"WebSite","@id":"https:\/\/eros8.de\/#website","url":"https:\/\/eros8.de\/","name":"Eros 8","description":"Sex Shop &amp; Lingerie Store","publisher":{"@id":"https:\/\/eros8.de\/#organization"},"potentialAction":[{"@type":"SearchAction","target":{"@type":"EntryPoint","urlTemplate":"https:\/\/eros8.de\/?s={search_term_string}"},"query-input":{"@type":"PropertyValueSpecification","valueRequired":true,"valueName":"search_term_string"}}],"inLanguage":"de"},{"@type":"Organization","@id":"https:\/\/eros8.de\/#organization","name":"Eros 8","url":"https:\/\/eros8.de\/","logo":{"@type":"ImageObject","inLanguage":"de","@id":"https:\/\/eros8.de\/#\/schema\/logo\/image\/","url":"https:\/\/eros8.de\/wp-content\/uploads\/2025\/10\/EROS8.png","contentUrl":"https:\/\/eros8.de\/wp-content\/uploads\/2025\/10\/EROS8.png","width":256,"height":256,"caption":"Eros 8"},"image":{"@id":"https:\/\/eros8.de\/#\/schema\/logo\/image\/"}}]}},"_links":{"self":[{"href":"https:\/\/eros8.de\/de\/wp-json\/wp\/v2\/product\/56524","targetHints":{"allow":["GET"]}}],"collection":[{"href":"https:\/\/eros8.de\/de\/wp-json\/wp\/v2\/product"}],"about":[{"href":"https:\/\/eros8.de\/de\/wp-json\/wp\/v2\/types\/product"}],"replies":[{"embeddable":true,"href":"https:\/\/eros8.de\/de\/wp-json\/wp\/v2\/comments?post=56524"}],"wp:featuredmedia":[{"embeddable":true,"href":"https:\/\/eros8.de\/de\/wp-json\/wp\/v2\/media\/56518"}],"wp:attachment":[{"href":"https:\/\/eros8.de\/de\/wp-json\/wp\/v2\/media?parent=56524"}],"wp:term":[{"taxonomy":"product_brand","embeddable":true,"href":"https:\/\/eros8.de\/de\/wp-json\/wp\/v2\/product_brand?post=56524"},{"taxonomy":"product_cat","embeddable":true,"href":"https:\/\/eros8.de\/de\/wp-json\/wp\/v2\/product_cat?post=56524"},{"taxonomy":"product_tag","embeddable":true,"href":"https:\/\/eros8.de\/de\/wp-json\/wp\/v2\/product_tag?post=56524"}],"curies":[{"name":"wp","href":"https:\/\/api.w.org\/{rel}","templated":true}]}}