{"id":56509,"date":"2025-10-20T16:25:54","date_gmt":"2025-10-20T16:25:54","guid":{"rendered":"https:\/\/eros8.de\/product\/bunny-blast\/"},"modified":"2025-10-26T22:12:20","modified_gmt":"2025-10-26T22:12:20","slug":"bunny-blast","status":"publish","type":"product","link":"https:\/\/eros8.de\/de\/produkt\/bunny-blast\/","title":{"rendered":"Bunny Blast"},"content":{"rendered":"<div id=\"product-description\" class=\"description--product-description--Mjtql28\" data-spm=\"1000023\" data-pl=\"product-description\">\n<div class=\"description--origin-part--rWy05pE\">\n<div class=\"detailmodule_html\">\n<div class=\"detail-desc-decorate-richtext\">\n<p style=\", roboto, arial, helvetica, sans-serif, simsun;font-size: 14px; font-weight: 400; letter-spacing: normal; line-height: inherit; text-align: start; margin: 0px; padding: 0px;\" align=\"start\"><span style=\"font-size: 20px;\"><strong id=\"tl_1\">\u2764Kein App-Steuerungsmodus:<\/strong><\/span><\/p>\n<div style=\", roboto, arial, helvetica, sans-serif, simsun;font-size: 14px; font-weight: 400; letter-spacing: normal; text-align: start; margin: 0px; padding: 0px;\" align=\"start\"><\/div>\n<p style=\", roboto, arial, helvetica, sans-serif, simsun;font-size: 14px; font-weight: 400; letter-spacing: normal; line-height: inherit; text-align: start; margin: 0px; padding: 0px;\" align=\"start\"><span id=\"tl_2\" style=\"font-size: 18px;\">Halten Sie zum Einschalten die Ein-\/Aus-Taste 3\u20135 Sekunden lang gedr\u00fcckt und dr\u00fccken Sie dann kurz die Ein-\/Aus-Taste, um den Vibrationsmodus zu erh\u00f6hen.<\/span><\/p>\n<div style=\", roboto, arial, helvetica, sans-serif, simsun;font-size: 14px; font-weight: 400; letter-spacing: normal; text-align: start; margin: 0px; padding: 0px;\" align=\"start\"><\/div>\n<p style=\", roboto, arial, helvetica, sans-serif, simsun;font-size: 14px; font-weight: 400; letter-spacing: normal; line-height: inherit; text-align: start; margin: 0px; padding: 0px;\" align=\"start\"><span style=\"font-size: 20px;\"><strong id=\"tl_3\">\u2764APP-Steuerungsmodus:<\/strong><\/span><\/p>\n<p style=\", roboto, arial, helvetica, sans-serif, simsun;font-size: 14px; font-weight: 400; letter-spacing: normal; line-height: inherit; text-align: start; margin: 0px; padding: 0px;\" align=\"start\"><strong><span id=\"tl_4\" style=\"font-size: 18px;\">Anleitung zur App-Verbindung:<\/span><\/strong><\/p>\n<div style=\", roboto, arial, helvetica, sans-serif, simsun;font-size: 14px; font-weight: 400; letter-spacing: normal; text-align: start; margin: 0px; padding: 0px;\" align=\"start\"><\/div>\n<p style=\", roboto, arial, helvetica, sans-serif, simsun;font-size: 14px; font-weight: 400; letter-spacing: normal; line-height: inherit; text-align: start; margin: 0px; padding: 0px;\" align=\"start\"><span id=\"tl_5\" style=\"font-size: 18px;\">Bitte lassen Sie Bluetooth auf Ihrem Telefon eingeschaltet<\/span><\/p>\n<div style=\", roboto, arial, helvetica, sans-serif, simsun;font-size: 14px; font-weight: 400; letter-spacing: normal; text-align: start; margin: 0px; padding: 0px;\" align=\"start\"><\/div>\n<p style=\", roboto, arial, helvetica, sans-serif, simsun;font-size: 14px; font-weight: 400; letter-spacing: normal; line-height: inherit; text-align: start; margin: 0px; padding: 0px;\" align=\"start\"><span id=\"tl_6\" style=\"font-size: 18px;\">1 .\u201eScannen Sie den QR der Love Spouse APP und laden Sie die APP herunter (oder suchen Sie im APP Store nach \u201eLove Spouse\u201c. Klicken Sie auf \u201eNeuer Benutzer\u201c, um sich zu registrieren und sich Ihr Konto zu merken.\u201c<\/span><\/p>\n<p style=\", roboto, arial, helvetica, sans-serif, simsun;font-size: 14px; font-weight: 400; letter-spacing: normal; line-height: inherit; text-align: start; margin: 0px; padding: 0px;\" align=\"start\"><span id=\"tl_7\" style=\"font-size: 18px;\">2 .\u201eKlicken Sie in der App auf \u201e+\u201c, um den QR zu scannen oder den Produktcode 3725 hinzuzuf\u00fcgen, um den Vibrator mit der APP zu verbinden.\u201c<\/span><\/p>\n<p style=\", roboto, arial, helvetica, sans-serif, simsun;font-size: 14px; font-weight: 400; letter-spacing: normal; line-height: inherit; text-align: start; margin: 0px; padding: 0px;\" align=\"start\"><span id=\"tl_8\" style=\"font-size: 18px;\">3 .Halten Sie zum Einschalten den Netzschalter des Vibrators 3\u20135 Sekunden lang gedr\u00fcckt.<\/span><\/p>\n<p style=\", roboto, arial, helvetica, sans-serif, simsun;font-size: 14px; font-weight: 400; letter-spacing: normal; line-height: inherit; text-align: start; margin: 0px; padding: 0px;\" align=\"start\"><span id=\"tl_9\" style=\"font-size: 18px;\">4. Verwenden Sie Ihr Telefon, um den Vibrator zu steuern.<\/span><\/p>\n<div style=\", roboto, arial, helvetica, sans-serif, simsun;font-size: 14px; font-weight: 400; letter-spacing: normal; text-align: start; margin: 0px; padding: 0px;\" align=\"start\"><\/div>\n<p style=\", roboto, arial, helvetica, sans-serif, simsun;font-size: 14px; font-weight: 400; letter-spacing: normal; line-height: inherit; text-align: start; margin: 0px; padding: 0px;\" align=\"start\"><strong><span id=\"tl_10\" style=\"font-size: 18px;\">Partnerkontrolle:<\/span><\/strong><\/p>\n<div style=\", roboto, arial, helvetica, sans-serif, simsun;font-size: 14px; font-weight: 400; letter-spacing: normal; text-align: start; margin: 0px; padding: 0px;\" align=\"start\"><\/div>\n<p style=\", roboto, arial, helvetica, sans-serif, simsun;font-size: 14px; font-weight: 400; letter-spacing: normal; line-height: inherit; text-align: start; margin: 0px; padding: 0px;\" align=\"start\"><span id=\"tl_11\" style=\"font-size: 18px;\">\u201e5. Bitten Sie Ihren Partner, \u201eLove Spouse\u201c herunterzuladen und sich zu registrieren.\u201c<\/span><\/p>\n<p style=\", roboto, arial, helvetica, sans-serif, simsun;font-size: 14px; font-weight: 400; letter-spacing: normal; line-height: inherit; text-align: start; margin: 0px; padding: 0px;\" align=\"start\"><span id=\"tl_12\" style=\"font-size: 18px;\">6. Klicken Sie auf mein Ger\u00e4t, w\u00e4hlen Sie den letzten Modus: Interaktiver Modus, f\u00fcgen Sie Ihren Partner hinzu und suchen Sie ihn als Freund, und bitten Sie ihn dann, ihn zu akzeptieren.<\/span><\/p>\n<p style=\", roboto, arial, helvetica, sans-serif, simsun;font-size: 14px; font-weight: 400; letter-spacing: normal; line-height: inherit; text-align: start; margin: 0px; padding: 0px;\" align=\"start\"><span id=\"tl_13\" style=\"font-size: 18px;\">7.Klicken Sie auf mein Ger\u00e4t, w\u00e4hlen Sie den interaktiven Modus und laden Sie Ihren Partner ein, den Service zu steuern.<\/span><\/p>\n<div style=\", roboto, arial, helvetica, sans-serif, simsun;font-size: 14px; font-weight: 400; letter-spacing: normal; text-align: start; margin: 0px; padding: 0px;\" align=\"start\"><\/div>\n<p style=\", roboto, arial, helvetica, sans-serif, simsun;font-size: 14px; font-weight: 400; letter-spacing: normal; line-height: inherit; text-align: start; margin: 0px; padding: 0px;\" align=\"start\"><span style=\"font-size: 20px;\"><strong id=\"tl_14\">Die Bedienungsschritte entnehmen Sie bitte der folgenden Abbildung:<\/strong><\/span><\/p>\n<p style=\", roboto, arial, helvetica, sans-serif, simsun;font-size: 14px; font-weight: 400; letter-spacing: normal; line-height: inherit; text-align: start; margin: 0px; padding: 0px;\" align=\"start\"><img decoding=\"async\" src=\"https:\/\/ae01.alicdn.com\/kf\/S98cafb6b1ae84ac79a4522e2be69e25bK.gif\" \/><img decoding=\"async\" src=\"https:\/\/ae01.alicdn.com\/kf\/S85d4f188f2f54e54bf190c4026c7a8d77.gif\" \/><img decoding=\"async\" src=\"https:\/\/ae01.alicdn.com\/kf\/Saebc493e0dd24fd5a9161d4231caf384t.gif\" \/><img decoding=\"async\" src=\"https:\/\/ae01.alicdn.com\/kf\/S422c5d418f9f40cc86a0183dedf2b2dc6.gif\" \/><img decoding=\"async\" src=\"https:\/\/ae01.alicdn.com\/kf\/S9c93ba063b89474b92414c36ca30329aS.gif\" \/><img decoding=\"async\" src=\"https:\/\/ae01.alicdn.com\/kf\/S48bef77822744e3daa43c80236d4b216N.gif\" \/><img decoding=\"async\" src=\"https:\/\/ae01.alicdn.com\/kf\/S2d96a367193f4f97b79423129a25ff03A.gif\" \/><img decoding=\"async\" src=\"https:\/\/ae01.alicdn.com\/kf\/Sda7f281d2d0c478fa61757979437f33dG.gif\" \/><img decoding=\"async\" src=\"https:\/\/ae01.alicdn.com\/kf\/Sbf630f51e3c04cd597d7cbea4ddf6c0aF.gif\" \/><img decoding=\"async\" src=\"https:\/\/ae01.alicdn.com\/kf\/Sc8210baaa0c84e33a80a8a80132e306fZ.jpg\" \/><img decoding=\"async\" src=\"https:\/\/ae01.alicdn.com\/kf\/S085e88dfb31e41c4a65502e9f5036cb9B.jpg\" \/><img decoding=\"async\" src=\"https:\/\/ae01.alicdn.com\/kf\/S035df823ce8f47199dd99667eff1709fi.jpg\" \/><img decoding=\"async\" src=\"https:\/\/ae01.alicdn.com\/kf\/Saa846dce646f42f6b35c77ef951cae3f2.png\" \/><\/p>\n<\/div>\n<\/div>\n<p>window.adminAccountId=241621370;<\/p>\n<\/div>\n<\/div>","protected":false},"excerpt":{"rendered":"<p>Kaufen Sie APP Control Vagina Kaninchen Vibrator f\u00fcr Frauen Tragbare H\u00f6schen Vibrator Klitoris Stimulator Weibliche Masturbation Sex Spielzeug f\u00fcr Frauen bei Eros8. Genie\u00dfen Sie \u2713Kostenlosen Versand weltweit! \u2713Zeitlich begrenzter Verkauf \u2713Einfache R\u00fcckgabe.<\/p>","protected":false},"featured_media":56516,"comment_status":"open","ping_status":"closed","template":"","meta":[],"product_brand":[],"product_cat":[544,545,533,546,535,538,539,547,541,237,231],"product_tag":[310,361,364,366,363,367,370,371,368,365,362,299,369],"class_list":{"0":"post-56509","1":"product","2":"type-product","3":"status-publish","4":"has-post-thumbnail","6":"product_cat-masturbation","7":"product_cat-penetration","8":"product_cat-plug","9":"product_cat-stimulator","10":"product_cat-toy","11":"product_cat-vagina","12":"product_cat-vibrating","13":"product_cat-vibrator","14":"product_cat-women","15":"product_cat-clitoral-toys","16":"product_cat-for-women","17":"product_tag-eros8","18":"product_tag-control","19":"product_tag-frauen","20":"product_tag-hschen","21":"product_tag-kaninchen","22":"product_tag-klitoris","23":"product_tag-masturbation","24":"product_tag-spielzeug","25":"product_tag-stimulator","26":"product_tag-tragbare","27":"product_tag-vagina-2","28":"product_tag-vibrator","29":"product_tag-weibliche","31":"first","32":"instock","33":"sale","34":"shipping-taxable","35":"purchasable","36":"product-type-variable"},"yoast_head":"<!-- This site is optimized with the Yoast SEO plugin v26.2 - https:\/\/yoast.com\/wordpress\/plugins\/seo\/ -->\n<title>APP Control Vagina Kaninchen Vibrator f\u00fcr Frauen Tragbare H\u00f6schen Vibrator Klitoris Stimulator Weibliche Masturbation Sex Spielzeug f\u00fcr Frauen - AliExpress 66<\/title>\n<meta name=\"description\" content=\"\u2764Kein App-Steuerungsmodus:\" \/>\n<meta name=\"robots\" content=\"index, follow, max-snippet:-1, max-image-preview:large, max-video-preview:-1\" \/>\n<link rel=\"canonical\" href=\"https:\/\/eros8.de\/de\/produkt\/bunny-blast\/\" \/>\n<meta property=\"og:locale\" content=\"de_DE\" \/>\n<meta property=\"og:type\" content=\"article\" \/>\n<meta property=\"og:title\" content=\"APP Control Vagina Kaninchen Vibrator f\u00fcr Frauen Tragbare H\u00f6schen Vibrator Klitoris Stimulator Weibliche Masturbation Sex Spielzeug f\u00fcr Frauen - AliExpress 66\" \/>\n<meta property=\"og:description\" content=\"\u2764Kein App-Steuerungsmodus:\" \/>\n<meta property=\"og:url\" content=\"https:\/\/eros8.de\/de\/produkt\/bunny-blast\/\" \/>\n<meta property=\"og:site_name\" content=\"Eros 8\" \/>\n<meta property=\"article:modified_time\" content=\"2025-10-26T22:12:20+00:00\" \/>\n<meta property=\"og:image\" content=\"https:\/\/eros8.de\/wp-content\/uploads\/2025\/10\/S77dbde5dc9d5466fb1a966ab4cf6deecH.webp\" \/>\n\t<meta property=\"og:image:width\" content=\"1000\" \/>\n\t<meta property=\"og:image:height\" content=\"1000\" \/>\n\t<meta property=\"og:image:type\" content=\"image\/webp\" \/>\n<meta name=\"twitter:card\" content=\"summary_large_image\" \/>\n<meta name=\"twitter:label1\" content=\"Gesch\u00e4tzte Lesezeit\" \/>\n\t<meta name=\"twitter:data1\" content=\"4\u00a0Minuten\" \/>\n<script type=\"application\/ld+json\" class=\"yoast-schema-graph\">{\"@context\":\"https:\/\/schema.org\",\"@graph\":[{\"@type\":\"WebPage\",\"@id\":\"https:\/\/eros8.de\/product\/bunny-blast\/\",\"url\":\"https:\/\/eros8.de\/product\/bunny-blast\/\",\"name\":\"APP Control Vagina Kaninchen Vibrator f\u00fcr Frauen Tragbare H\u00f6schen Vibrator Klitoris Stimulator Weibliche Masturbation Sex Spielzeug f\u00fcr Frauen - AliExpress 66\",\"isPartOf\":{\"@id\":\"https:\/\/eros8.de\/#website\"},\"primaryImageOfPage\":{\"@id\":\"https:\/\/eros8.de\/product\/bunny-blast\/#primaryimage\"},\"image\":{\"@id\":\"https:\/\/eros8.de\/product\/bunny-blast\/#primaryimage\"},\"thumbnailUrl\":\"https:\/\/eros8.de\/wp-content\/uploads\/2025\/10\/S77dbde5dc9d5466fb1a966ab4cf6deecH.webp\",\"datePublished\":\"2025-10-20T16:25:54+00:00\",\"dateModified\":\"2025-10-26T22:12:20+00:00\",\"description\":\"\u2764Kein App-Steuerungsmodus:\",\"breadcrumb\":{\"@id\":\"https:\/\/eros8.de\/product\/bunny-blast\/#breadcrumb\"},\"inLanguage\":\"de\",\"potentialAction\":[{\"@type\":\"ReadAction\",\"target\":[\"https:\/\/eros8.de\/product\/bunny-blast\/\"]}]},{\"@type\":\"ImageObject\",\"inLanguage\":\"de\",\"@id\":\"https:\/\/eros8.de\/product\/bunny-blast\/#primaryimage\",\"url\":\"https:\/\/eros8.de\/wp-content\/uploads\/2025\/10\/S77dbde5dc9d5466fb1a966ab4cf6deecH.webp\",\"contentUrl\":\"https:\/\/eros8.de\/wp-content\/uploads\/2025\/10\/S77dbde5dc9d5466fb1a966ab4cf6deecH.webp\",\"width\":1000,\"height\":1000},{\"@type\":\"BreadcrumbList\",\"@id\":\"https:\/\/eros8.de\/product\/bunny-blast\/#breadcrumb\",\"itemListElement\":[{\"@type\":\"ListItem\",\"position\":1,\"name\":\"Home\",\"item\":\"https:\/\/eros8.de\/\"},{\"@type\":\"ListItem\",\"position\":2,\"name\":\"Shop\",\"item\":\"https:\/\/eros8.de\/shop\/\"},{\"@type\":\"ListItem\",\"position\":3,\"name\":\"Bunny Blast\"}]},{\"@type\":\"WebSite\",\"@id\":\"https:\/\/eros8.de\/#website\",\"url\":\"https:\/\/eros8.de\/\",\"name\":\"Eros 8\",\"description\":\"Sex Shop &amp; Lingerie Store\",\"publisher\":{\"@id\":\"https:\/\/eros8.de\/#organization\"},\"potentialAction\":[{\"@type\":\"SearchAction\",\"target\":{\"@type\":\"EntryPoint\",\"urlTemplate\":\"https:\/\/eros8.de\/?s={search_term_string}\"},\"query-input\":{\"@type\":\"PropertyValueSpecification\",\"valueRequired\":true,\"valueName\":\"search_term_string\"}}],\"inLanguage\":\"de\"},{\"@type\":\"Organization\",\"@id\":\"https:\/\/eros8.de\/#organization\",\"name\":\"Eros 8\",\"url\":\"https:\/\/eros8.de\/\",\"logo\":{\"@type\":\"ImageObject\",\"inLanguage\":\"de\",\"@id\":\"https:\/\/eros8.de\/#\/schema\/logo\/image\/\",\"url\":\"https:\/\/eros8.de\/wp-content\/uploads\/2025\/10\/EROS8.png\",\"contentUrl\":\"https:\/\/eros8.de\/wp-content\/uploads\/2025\/10\/EROS8.png\",\"width\":256,\"height\":256,\"caption\":\"Eros 8\"},\"image\":{\"@id\":\"https:\/\/eros8.de\/#\/schema\/logo\/image\/\"}}]}<\/script>\n<!-- \/ Yoast SEO plugin. -->","yoast_head_json":{"title":"APP Control Vagina Kaninchen Vibrator f\u00fcr Frauen Tragbare H\u00f6schen Vibrator Klitoris Stimulator Weibliche Masturbation Sex Spielzeug f\u00fcr Frauen - AliExpress 66","description":"\u2764Kein App-Steuerungsmodus:","robots":{"index":"index","follow":"follow","max-snippet":"max-snippet:-1","max-image-preview":"max-image-preview:large","max-video-preview":"max-video-preview:-1"},"canonical":"https:\/\/eros8.de\/de\/produkt\/bunny-blast\/","og_locale":"de_DE","og_type":"article","og_title":"APP Control Vagina Kaninchen Vibrator f\u00fcr Frauen Tragbare H\u00f6schen Vibrator Klitoris Stimulator Weibliche Masturbation Sex Spielzeug f\u00fcr Frauen - AliExpress 66","og_description":"\u2764Kein App-Steuerungsmodus:","og_url":"https:\/\/eros8.de\/de\/produkt\/bunny-blast\/","og_site_name":"Eros 8","article_modified_time":"2025-10-26T22:12:20+00:00","og_image":[{"width":1000,"height":1000,"url":"https:\/\/eros8.de\/wp-content\/uploads\/2025\/10\/S77dbde5dc9d5466fb1a966ab4cf6deecH.webp","type":"image\/webp"}],"twitter_card":"summary_large_image","twitter_misc":{"Gesch\u00e4tzte Lesezeit":"4\u00a0Minuten"},"schema":{"@context":"https:\/\/schema.org","@graph":[{"@type":"WebPage","@id":"https:\/\/eros8.de\/product\/bunny-blast\/","url":"https:\/\/eros8.de\/product\/bunny-blast\/","name":"APP Control Vagina Kaninchen Vibrator f\u00fcr Frauen Tragbare H\u00f6schen Vibrator Klitoris Stimulator Weibliche Masturbation Sex Spielzeug f\u00fcr Frauen - AliExpress 66","isPartOf":{"@id":"https:\/\/eros8.de\/#website"},"primaryImageOfPage":{"@id":"https:\/\/eros8.de\/product\/bunny-blast\/#primaryimage"},"image":{"@id":"https:\/\/eros8.de\/product\/bunny-blast\/#primaryimage"},"thumbnailUrl":"https:\/\/eros8.de\/wp-content\/uploads\/2025\/10\/S77dbde5dc9d5466fb1a966ab4cf6deecH.webp","datePublished":"2025-10-20T16:25:54+00:00","dateModified":"2025-10-26T22:12:20+00:00","description":"\u2764Kein App-Steuerungsmodus:","breadcrumb":{"@id":"https:\/\/eros8.de\/product\/bunny-blast\/#breadcrumb"},"inLanguage":"de","potentialAction":[{"@type":"ReadAction","target":["https:\/\/eros8.de\/product\/bunny-blast\/"]}]},{"@type":"ImageObject","inLanguage":"de","@id":"https:\/\/eros8.de\/product\/bunny-blast\/#primaryimage","url":"https:\/\/eros8.de\/wp-content\/uploads\/2025\/10\/S77dbde5dc9d5466fb1a966ab4cf6deecH.webp","contentUrl":"https:\/\/eros8.de\/wp-content\/uploads\/2025\/10\/S77dbde5dc9d5466fb1a966ab4cf6deecH.webp","width":1000,"height":1000},{"@type":"BreadcrumbList","@id":"https:\/\/eros8.de\/product\/bunny-blast\/#breadcrumb","itemListElement":[{"@type":"ListItem","position":1,"name":"Home","item":"https:\/\/eros8.de\/"},{"@type":"ListItem","position":2,"name":"Shop","item":"https:\/\/eros8.de\/shop\/"},{"@type":"ListItem","position":3,"name":"Bunny Blast"}]},{"@type":"WebSite","@id":"https:\/\/eros8.de\/#website","url":"https:\/\/eros8.de\/","name":"Eros 8","description":"Sex Shop &amp; Lingerie Store","publisher":{"@id":"https:\/\/eros8.de\/#organization"},"potentialAction":[{"@type":"SearchAction","target":{"@type":"EntryPoint","urlTemplate":"https:\/\/eros8.de\/?s={search_term_string}"},"query-input":{"@type":"PropertyValueSpecification","valueRequired":true,"valueName":"search_term_string"}}],"inLanguage":"de"},{"@type":"Organization","@id":"https:\/\/eros8.de\/#organization","name":"Eros 8","url":"https:\/\/eros8.de\/","logo":{"@type":"ImageObject","inLanguage":"de","@id":"https:\/\/eros8.de\/#\/schema\/logo\/image\/","url":"https:\/\/eros8.de\/wp-content\/uploads\/2025\/10\/EROS8.png","contentUrl":"https:\/\/eros8.de\/wp-content\/uploads\/2025\/10\/EROS8.png","width":256,"height":256,"caption":"Eros 8"},"image":{"@id":"https:\/\/eros8.de\/#\/schema\/logo\/image\/"}}]}},"_links":{"self":[{"href":"https:\/\/eros8.de\/de\/wp-json\/wp\/v2\/product\/56509","targetHints":{"allow":["GET"]}}],"collection":[{"href":"https:\/\/eros8.de\/de\/wp-json\/wp\/v2\/product"}],"about":[{"href":"https:\/\/eros8.de\/de\/wp-json\/wp\/v2\/types\/product"}],"replies":[{"embeddable":true,"href":"https:\/\/eros8.de\/de\/wp-json\/wp\/v2\/comments?post=56509"}],"wp:featuredmedia":[{"embeddable":true,"href":"https:\/\/eros8.de\/de\/wp-json\/wp\/v2\/media\/56516"}],"wp:attachment":[{"href":"https:\/\/eros8.de\/de\/wp-json\/wp\/v2\/media?parent=56509"}],"wp:term":[{"taxonomy":"product_brand","embeddable":true,"href":"https:\/\/eros8.de\/de\/wp-json\/wp\/v2\/product_brand?post=56509"},{"taxonomy":"product_cat","embeddable":true,"href":"https:\/\/eros8.de\/de\/wp-json\/wp\/v2\/product_cat?post=56509"},{"taxonomy":"product_tag","embeddable":true,"href":"https:\/\/eros8.de\/de\/wp-json\/wp\/v2\/product_tag?post=56509"}],"curies":[{"name":"wp","href":"https:\/\/api.w.org\/{rel}","templated":true}]}}