{"id":56486,"date":"2025-10-19T22:15:45","date_gmt":"2025-10-19T22:15:45","guid":{"rendered":"https:\/\/eros8.de\/product\/lebensgroses-sexspielzeug-fur-manner-blase-groser-arsch-aber-sexpuppe-torso-realistische-vagina-analkanal-fur-mannliches-sexspielzeug-masturbator-vergnugen-aliexpress\/"},"modified":"2025-11-04T19:16:37","modified_gmt":"2025-11-04T18:16:37","slug":"lebensgroses-sexspielzeug-fur-manner-blase-groser-arsch-aber-sexpuppe-torso-realistische-vagina-analkanal-fur-mannliches-sexspielzeug-masturbator-vergnugen","status":"publish","type":"product","link":"https:\/\/eros8.de\/de\/produkt\/lebensgroses-sexspielzeug-fur-manner-blase-groser-arsch-aber-sexpuppe-torso-realistische-vagina-analkanal-fur-mannliches-sexspielzeug-masturbator-vergnugen\/","title":{"rendered":"Love Blink"},"content":{"rendered":"<div id=\"product-description\" class=\"description--product-description--Mjtql28\" data-spm=\"1000023\" data-pl=\"product-description\">\n<div class=\"description--origin-part--rWy05pE\">\n<div class=\"detailmodule_html\">\n<div class=\"detail-desc-decorate-richtext\">\n<div class=\"detailmodule_text\">\n<p style=\"font-size: 12px; font-weight: normal; display: block; width: 100%;\" data-spm-anchor-id=\"a2g0o.detail.1000023.i0.619cqm41qm41vv\">Dieser Laden verf\u00fcgt \u00fcber einen Lagerservice im Ausland!!Wir verf\u00fcgen \u00fcber \u00dcberseelager auf der ganzen Welt, die in 5\u201310 Tagen geliefert werden k\u00f6nnen.Die meisten europ\u00e4ischen L\u00e4nder verf\u00fcgen \u00fcber Lager im Ausland<\/p>\n<p>Weibliche Lebensgr\u00f6\u00dfe 1:1 realistischer Sex-Arsch, hochwertiges Material, sexy gro\u00dfer Hintern, bringen Ihnen ein anderes Erlebnis<\/p>\n<p>\u3010Das Gewicht und die Gr\u00f6\u00dfe sind im Bild angegeben\u3011<\/p>\n<p>Es k\u00f6nnen zwei Kan\u00e4le ausgew\u00e4hlt werden und das Gef\u00fchl ist unterschiedlich<\/p>\n<p>Es kann als Sexspielzeug f\u00fcr Paare verwendet werden, das Material ist wasserdicht, sicher und weich und bringt Freude<\/p>\n<p>Wir sch\u00fctzen Ihre Privatsph\u00e4re, niemand wird wissen, was Sie gekauft haben, es gibt keine Anweisungen in der Box<\/p>\n<\/div>\n<div class=\"detailmodule_image\"><img decoding=\"async\" class=\"detail-desc-decorate-image\" src=\"https:\/\/ae01.alicdn.com\/kf\/H8da74a864801494ab88f3deb24d264590.jpg\" \/><img decoding=\"async\" class=\"detail-desc-decorate-image\" src=\"https:\/\/ae01.alicdn.com\/kf\/S5769abb5968a4bf18d4bb6cb4b0770a1E.jpg\" \/><img decoding=\"async\" class=\"detail-desc-decorate-image\" src=\"https:\/\/ae01.alicdn.com\/kf\/S88022c74355442cea8ca3e5281306132J.jpg\" \/><img decoding=\"async\" class=\"detail-desc-decorate-image\" src=\"https:\/\/ae01.alicdn.com\/kf\/S83a2479696054c5d864d3e73e9dd6a6ci.jpg\" \/><img decoding=\"async\" class=\"detail-desc-decorate-image\" src=\"https:\/\/ae01.alicdn.com\/kf\/S88251458f4d64f37924f6ce17a6c7fedU.jpg\" \/><img decoding=\"async\" class=\"detail-desc-decorate-image\" src=\"https:\/\/ae01.alicdn.com\/kf\/Sfd612267739b44268b164c3576568f69e.jpg\" \/><img decoding=\"async\" class=\"detail-desc-decorate-image\" src=\"https:\/\/ae01.alicdn.com\/kf\/S2313c23e6bb945558c9a143cf90e7e02L.jpg\" \/><img decoding=\"async\" class=\"detail-desc-decorate-image\" src=\"https:\/\/ae01.alicdn.com\/kf\/Scb867bec07ac49bb86ea24468371b6a6i.jpg\" \/><img decoding=\"async\" class=\"detail-desc-decorate-image\" src=\"https:\/\/ae01.alicdn.com\/kf\/S6e8a9de42d6d4254a532f5dd8747c8520.jpg\" \/><img decoding=\"async\" class=\"detail-desc-decorate-image\" src=\"https:\/\/ae01.alicdn.com\/kf\/S7085d50a724547c5ba62aa0738346c00U.jpg\" \/><img decoding=\"async\" class=\"detail-desc-decorate-image\" src=\"https:\/\/ae01.alicdn.com\/kf\/Sddb7de31399b45fda333ab795b88124ek.jpg\" \/><img decoding=\"async\" class=\"detail-desc-decorate-image\" src=\"https:\/\/ae01.alicdn.com\/kf\/S0dce1698d86048d8b8c4e22417142555a.jpg\" \/><img decoding=\"async\" class=\"detail-desc-decorate-image\" src=\"https:\/\/ae01.alicdn.com\/kf\/S3d6ca249a83c441ca01ee70625dc5a3dY.jpg\" \/><img decoding=\"async\" class=\"detail-desc-decorate-image\" src=\"https:\/\/ae01.alicdn.com\/kf\/S09dd9326f6fa4493848969b09ed12631s.jpg\" \/><\/div>\n<p>&nbsp;<\/p>\n<\/div>\n<\/div>\n<p>window.adminAccountId=6000619593;<\/p>\n<\/div>\n<\/div>","protected":false},"excerpt":{"rendered":"<p>Kaufen Sie Lebensgro\u00dfes Sexspielzeug f\u00fcr M\u00e4nner, Blase, gro\u00dfer Arsch, aber Sexpuppe, Torso, realistische Vagina, Analkanal f\u00fcr m\u00e4nnliches Sexspielzeug, Masturbator-Vergn\u00fcgen bei Eros8. Genie\u00dfen Sie \u2713Kostenloser Versand weltweit! \u2713Zeitlich begrenzter Verkauf \u2713Einfache R\u00fcckgabe.<\/p>","protected":false},"featured_media":56480,"comment_status":"open","ping_status":"closed","template":"","meta":[],"product_brand":[],"product_cat":[543,532,537,540,535,239,230,240],"product_tag":[310,357,349,346,809,358,360,355,353,347,354,362],"class_list":{"0":"post-56486","1":"product","2":"type-product","3":"status-publish","4":"has-post-thumbnail","6":"product_cat-adults","7":"product_cat-anal","8":"product_cat-butt","9":"product_cat-men","10":"product_cat-toy","11":"product_cat-couples-toys","12":"product_cat-for-men","13":"product_cat-sex-gifts","14":"product_tag-eros8","15":"product_tag-analkanal","16":"product_tag-blase","17":"product_tag-lebensgroes","18":"product_tag-manner","19":"product_tag-mnnliches","20":"product_tag-masturbator-vergngen","21":"product_tag-realistische","22":"product_tag-sexpuppe","23":"product_tag-sexspielzeug","24":"product_tag-torso","25":"product_tag-vagina-2","27":"first","28":"instock","29":"shipping-taxable","30":"purchasable","31":"product-type-variable"},"yoast_head":"<!-- This site is optimized with the Yoast SEO plugin v26.2 - https:\/\/yoast.com\/wordpress\/plugins\/seo\/ -->\n<title>Lebensgro\u00dfes Sexspielzeug f\u00fcr M\u00e4nner, Blase, gro\u00dfer Arsch, aber Sexpuppe, Torso, realistische Vagina, Analkanal f\u00fcr m\u00e4nnliches Sexspielzeug, Masturbator-Vergn\u00fcgen -<\/title>\n<meta name=\"description\" content=\"Dieser Laden verf\u00fcgt \u00fcber einen Lagerservice im Ausland!!Wir verf\u00fcgen \u00fcber \u00dcberseelager auf der ganzen Welt, die in 5\u201310 Tagen geliefert werden k\u00f6nnen.Die meisten europ\u00e4ischen L\u00e4nder verf\u00fcgen \u00fcber Lager im AuslandWeibliche Lebensgr\u00f6\u00dfe 1:1 realistischer Sex-Arsch, hochwertiges Material, sexy gro\u00dfer Hintern, bringen Ihnen ein anderes Erlebnis\u3010Das Gewicht und die Gr\u00f6\u00dfe sind im Bild angegeben\u3011Es k\u00f6nnen zwei Kan\u00e4le ausgew\u00e4hlt werden und das Gef\u00fchl ist unterschiedlichEs kann als Sexspielzeug f\u00fcr Paare verwendet werden, das Material ist wasserdicht, sicher und weich und bringt FreudeWir sch\u00fctzen Ihre Privatsph\u00e4re, niemand wird wissen, was Sie gekauft haben, es gibt keine Anweisungen in der Box\" \/>\n<meta name=\"robots\" content=\"index, follow, max-snippet:-1, max-image-preview:large, max-video-preview:-1\" \/>\n<link rel=\"canonical\" href=\"https:\/\/eros8.de\/de\/produkt\/lebensgroses-sexspielzeug-fur-manner-blase-groser-arsch-aber-sexpuppe-torso-realistische-vagina-analkanal-fur-mannliches-sexspielzeug-masturbator-vergnugen\/\" \/>\n<meta property=\"og:locale\" content=\"de_DE\" \/>\n<meta property=\"og:type\" content=\"article\" \/>\n<meta property=\"og:title\" content=\"Lebensgro\u00dfes Sexspielzeug f\u00fcr M\u00e4nner, Blase, gro\u00dfer Arsch, aber Sexpuppe, Torso, realistische Vagina, Analkanal f\u00fcr m\u00e4nnliches Sexspielzeug, Masturbator-Vergn\u00fcgen -\" \/>\n<meta property=\"og:description\" content=\"Dieser Laden verf\u00fcgt \u00fcber einen Lagerservice im Ausland!!Wir verf\u00fcgen \u00fcber \u00dcberseelager auf der ganzen Welt, die in 5\u201310 Tagen geliefert werden k\u00f6nnen.Die meisten europ\u00e4ischen L\u00e4nder verf\u00fcgen \u00fcber Lager im AuslandWeibliche Lebensgr\u00f6\u00dfe 1:1 realistischer Sex-Arsch, hochwertiges Material, sexy gro\u00dfer Hintern, bringen Ihnen ein anderes Erlebnis\u3010Das Gewicht und die Gr\u00f6\u00dfe sind im Bild angegeben\u3011Es k\u00f6nnen zwei Kan\u00e4le ausgew\u00e4hlt werden und das Gef\u00fchl ist unterschiedlichEs kann als Sexspielzeug f\u00fcr Paare verwendet werden, das Material ist wasserdicht, sicher und weich und bringt FreudeWir sch\u00fctzen Ihre Privatsph\u00e4re, niemand wird wissen, was Sie gekauft haben, es gibt keine Anweisungen in der Box\" \/>\n<meta property=\"og:url\" content=\"https:\/\/eros8.de\/de\/produkt\/lebensgroses-sexspielzeug-fur-manner-blase-groser-arsch-aber-sexpuppe-torso-realistische-vagina-analkanal-fur-mannliches-sexspielzeug-masturbator-vergnugen\/\" \/>\n<meta property=\"og:site_name\" content=\"Eros 8\" \/>\n<meta property=\"article:modified_time\" content=\"2025-11-04T18:16:37+00:00\" \/>\n<meta property=\"og:image\" content=\"https:\/\/eros8.de\/wp-content\/uploads\/2025\/10\/Safdbda1f57354a9e8fe91b86336e9c17g-1.webp\" \/>\n\t<meta property=\"og:image:width\" content=\"1000\" \/>\n\t<meta property=\"og:image:height\" content=\"1000\" \/>\n\t<meta property=\"og:image:type\" content=\"image\/webp\" \/>\n<meta name=\"twitter:card\" content=\"summary_large_image\" \/>\n<meta name=\"twitter:label1\" content=\"Gesch\u00e4tzte Lesezeit\" \/>\n\t<meta name=\"twitter:data1\" content=\"4\u00a0Minuten\" \/>\n<script type=\"application\/ld+json\" class=\"yoast-schema-graph\">{\"@context\":\"https:\/\/schema.org\",\"@graph\":[{\"@type\":\"WebPage\",\"@id\":\"https:\/\/eros8.de\/product\/lebensgroses-sexspielzeug-fur-manner-blase-groser-arsch-aber-sexpuppe-torso-realistische-vagina-analkanal-fur-mannliches-sexspielzeug-masturbator-vergnugen\/\",\"url\":\"https:\/\/eros8.de\/product\/lebensgroses-sexspielzeug-fur-manner-blase-groser-arsch-aber-sexpuppe-torso-realistische-vagina-analkanal-fur-mannliches-sexspielzeug-masturbator-vergnugen\/\",\"name\":\"Lebensgro\u00dfes Sexspielzeug f\u00fcr M\u00e4nner, Blase, gro\u00dfer Arsch, aber Sexpuppe, Torso, realistische Vagina, Analkanal f\u00fcr m\u00e4nnliches Sexspielzeug, Masturbator-Vergn\u00fcgen -\",\"isPartOf\":{\"@id\":\"https:\/\/eros8.de\/#website\"},\"primaryImageOfPage\":{\"@id\":\"https:\/\/eros8.de\/product\/lebensgroses-sexspielzeug-fur-manner-blase-groser-arsch-aber-sexpuppe-torso-realistische-vagina-analkanal-fur-mannliches-sexspielzeug-masturbator-vergnugen\/#primaryimage\"},\"image\":{\"@id\":\"https:\/\/eros8.de\/product\/lebensgroses-sexspielzeug-fur-manner-blase-groser-arsch-aber-sexpuppe-torso-realistische-vagina-analkanal-fur-mannliches-sexspielzeug-masturbator-vergnugen\/#primaryimage\"},\"thumbnailUrl\":\"https:\/\/eros8.de\/wp-content\/uploads\/2025\/10\/Safdbda1f57354a9e8fe91b86336e9c17g-1.webp\",\"datePublished\":\"2025-10-19T22:15:45+00:00\",\"dateModified\":\"2025-11-04T18:16:37+00:00\",\"description\":\"Dieser Laden verf\u00fcgt \u00fcber einen Lagerservice im Ausland!!Wir verf\u00fcgen \u00fcber \u00dcberseelager auf der ganzen Welt, die in 5\u201310 Tagen geliefert werden k\u00f6nnen.Die meisten europ\u00e4ischen L\u00e4nder verf\u00fcgen \u00fcber Lager im AuslandWeibliche Lebensgr\u00f6\u00dfe 1:1 realistischer Sex-Arsch, hochwertiges Material, sexy gro\u00dfer Hintern, bringen Ihnen ein anderes Erlebnis\u3010Das Gewicht und die Gr\u00f6\u00dfe sind im Bild angegeben\u3011Es k\u00f6nnen zwei Kan\u00e4le ausgew\u00e4hlt werden und das Gef\u00fchl ist unterschiedlichEs kann als Sexspielzeug f\u00fcr Paare verwendet werden, das Material ist wasserdicht, sicher und weich und bringt FreudeWir sch\u00fctzen Ihre Privatsph\u00e4re, niemand wird wissen, was Sie gekauft haben, es gibt keine Anweisungen in der Box\",\"breadcrumb\":{\"@id\":\"https:\/\/eros8.de\/product\/lebensgroses-sexspielzeug-fur-manner-blase-groser-arsch-aber-sexpuppe-torso-realistische-vagina-analkanal-fur-mannliches-sexspielzeug-masturbator-vergnugen\/#breadcrumb\"},\"inLanguage\":\"de\",\"potentialAction\":[{\"@type\":\"ReadAction\",\"target\":[\"https:\/\/eros8.de\/product\/lebensgroses-sexspielzeug-fur-manner-blase-groser-arsch-aber-sexpuppe-torso-realistische-vagina-analkanal-fur-mannliches-sexspielzeug-masturbator-vergnugen\/\"]}]},{\"@type\":\"ImageObject\",\"inLanguage\":\"de\",\"@id\":\"https:\/\/eros8.de\/product\/lebensgroses-sexspielzeug-fur-manner-blase-groser-arsch-aber-sexpuppe-torso-realistische-vagina-analkanal-fur-mannliches-sexspielzeug-masturbator-vergnugen\/#primaryimage\",\"url\":\"https:\/\/eros8.de\/wp-content\/uploads\/2025\/10\/Safdbda1f57354a9e8fe91b86336e9c17g-1.webp\",\"contentUrl\":\"https:\/\/eros8.de\/wp-content\/uploads\/2025\/10\/Safdbda1f57354a9e8fe91b86336e9c17g-1.webp\",\"width\":1000,\"height\":1000},{\"@type\":\"BreadcrumbList\",\"@id\":\"https:\/\/eros8.de\/product\/lebensgroses-sexspielzeug-fur-manner-blase-groser-arsch-aber-sexpuppe-torso-realistische-vagina-analkanal-fur-mannliches-sexspielzeug-masturbator-vergnugen\/#breadcrumb\",\"itemListElement\":[{\"@type\":\"ListItem\",\"position\":1,\"name\":\"Home\",\"item\":\"https:\/\/eros8.de\/\"},{\"@type\":\"ListItem\",\"position\":2,\"name\":\"Shop\",\"item\":\"https:\/\/eros8.de\/shop\/\"},{\"@type\":\"ListItem\",\"position\":3,\"name\":\"Love Blink\"}]},{\"@type\":\"WebSite\",\"@id\":\"https:\/\/eros8.de\/#website\",\"url\":\"https:\/\/eros8.de\/\",\"name\":\"Eros 8\",\"description\":\"Sex Shop &amp; Lingerie Store\",\"publisher\":{\"@id\":\"https:\/\/eros8.de\/#organization\"},\"potentialAction\":[{\"@type\":\"SearchAction\",\"target\":{\"@type\":\"EntryPoint\",\"urlTemplate\":\"https:\/\/eros8.de\/?s={search_term_string}\"},\"query-input\":{\"@type\":\"PropertyValueSpecification\",\"valueRequired\":true,\"valueName\":\"search_term_string\"}}],\"inLanguage\":\"de\"},{\"@type\":\"Organization\",\"@id\":\"https:\/\/eros8.de\/#organization\",\"name\":\"Eros 8\",\"url\":\"https:\/\/eros8.de\/\",\"logo\":{\"@type\":\"ImageObject\",\"inLanguage\":\"de\",\"@id\":\"https:\/\/eros8.de\/#\/schema\/logo\/image\/\",\"url\":\"https:\/\/eros8.de\/wp-content\/uploads\/2025\/10\/EROS8.png\",\"contentUrl\":\"https:\/\/eros8.de\/wp-content\/uploads\/2025\/10\/EROS8.png\",\"width\":256,\"height\":256,\"caption\":\"Eros 8\"},\"image\":{\"@id\":\"https:\/\/eros8.de\/#\/schema\/logo\/image\/\"}}]}<\/script>\n<!-- \/ Yoast SEO plugin. -->","yoast_head_json":{"title":"Lebensgro\u00dfes Sexspielzeug f\u00fcr M\u00e4nner, Blase, gro\u00dfer Arsch, aber Sexpuppe, Torso, realistische Vagina, Analkanal f\u00fcr m\u00e4nnliches Sexspielzeug, Masturbator-Vergn\u00fcgen -","description":"Dieser Laden verf\u00fcgt \u00fcber einen Lagerservice im Ausland!!Wir verf\u00fcgen \u00fcber \u00dcberseelager auf der ganzen Welt, die in 5\u201310 Tagen geliefert werden k\u00f6nnen.Die meisten europ\u00e4ischen L\u00e4nder verf\u00fcgen \u00fcber Lager im AuslandWeibliche Lebensgr\u00f6\u00dfe 1:1 realistischer Sex-Arsch, hochwertiges Material, sexy gro\u00dfer Hintern, bringen Ihnen ein anderes Erlebnis\u3010Das Gewicht und die Gr\u00f6\u00dfe sind im Bild angegeben\u3011Es k\u00f6nnen zwei Kan\u00e4le ausgew\u00e4hlt werden und das Gef\u00fchl ist unterschiedlichEs kann als Sexspielzeug f\u00fcr Paare verwendet werden, das Material ist wasserdicht, sicher und weich und bringt FreudeWir sch\u00fctzen Ihre Privatsph\u00e4re, niemand wird wissen, was Sie gekauft haben, es gibt keine Anweisungen in der Box","robots":{"index":"index","follow":"follow","max-snippet":"max-snippet:-1","max-image-preview":"max-image-preview:large","max-video-preview":"max-video-preview:-1"},"canonical":"https:\/\/eros8.de\/de\/produkt\/lebensgroses-sexspielzeug-fur-manner-blase-groser-arsch-aber-sexpuppe-torso-realistische-vagina-analkanal-fur-mannliches-sexspielzeug-masturbator-vergnugen\/","og_locale":"de_DE","og_type":"article","og_title":"Lebensgro\u00dfes Sexspielzeug f\u00fcr M\u00e4nner, Blase, gro\u00dfer Arsch, aber Sexpuppe, Torso, realistische Vagina, Analkanal f\u00fcr m\u00e4nnliches Sexspielzeug, Masturbator-Vergn\u00fcgen -","og_description":"Dieser Laden verf\u00fcgt \u00fcber einen Lagerservice im Ausland!!Wir verf\u00fcgen \u00fcber \u00dcberseelager auf der ganzen Welt, die in 5\u201310 Tagen geliefert werden k\u00f6nnen.Die meisten europ\u00e4ischen L\u00e4nder verf\u00fcgen \u00fcber Lager im AuslandWeibliche Lebensgr\u00f6\u00dfe 1:1 realistischer Sex-Arsch, hochwertiges Material, sexy gro\u00dfer Hintern, bringen Ihnen ein anderes Erlebnis\u3010Das Gewicht und die Gr\u00f6\u00dfe sind im Bild angegeben\u3011Es k\u00f6nnen zwei Kan\u00e4le ausgew\u00e4hlt werden und das Gef\u00fchl ist unterschiedlichEs kann als Sexspielzeug f\u00fcr Paare verwendet werden, das Material ist wasserdicht, sicher und weich und bringt FreudeWir sch\u00fctzen Ihre Privatsph\u00e4re, niemand wird wissen, was Sie gekauft haben, es gibt keine Anweisungen in der Box","og_url":"https:\/\/eros8.de\/de\/produkt\/lebensgroses-sexspielzeug-fur-manner-blase-groser-arsch-aber-sexpuppe-torso-realistische-vagina-analkanal-fur-mannliches-sexspielzeug-masturbator-vergnugen\/","og_site_name":"Eros 8","article_modified_time":"2025-11-04T18:16:37+00:00","og_image":[{"width":1000,"height":1000,"url":"https:\/\/eros8.de\/wp-content\/uploads\/2025\/10\/Safdbda1f57354a9e8fe91b86336e9c17g-1.webp","type":"image\/webp"}],"twitter_card":"summary_large_image","twitter_misc":{"Gesch\u00e4tzte Lesezeit":"4\u00a0Minuten"},"schema":{"@context":"https:\/\/schema.org","@graph":[{"@type":"WebPage","@id":"https:\/\/eros8.de\/product\/lebensgroses-sexspielzeug-fur-manner-blase-groser-arsch-aber-sexpuppe-torso-realistische-vagina-analkanal-fur-mannliches-sexspielzeug-masturbator-vergnugen\/","url":"https:\/\/eros8.de\/product\/lebensgroses-sexspielzeug-fur-manner-blase-groser-arsch-aber-sexpuppe-torso-realistische-vagina-analkanal-fur-mannliches-sexspielzeug-masturbator-vergnugen\/","name":"Lebensgro\u00dfes Sexspielzeug f\u00fcr M\u00e4nner, Blase, gro\u00dfer Arsch, aber Sexpuppe, Torso, realistische Vagina, Analkanal f\u00fcr m\u00e4nnliches Sexspielzeug, Masturbator-Vergn\u00fcgen -","isPartOf":{"@id":"https:\/\/eros8.de\/#website"},"primaryImageOfPage":{"@id":"https:\/\/eros8.de\/product\/lebensgroses-sexspielzeug-fur-manner-blase-groser-arsch-aber-sexpuppe-torso-realistische-vagina-analkanal-fur-mannliches-sexspielzeug-masturbator-vergnugen\/#primaryimage"},"image":{"@id":"https:\/\/eros8.de\/product\/lebensgroses-sexspielzeug-fur-manner-blase-groser-arsch-aber-sexpuppe-torso-realistische-vagina-analkanal-fur-mannliches-sexspielzeug-masturbator-vergnugen\/#primaryimage"},"thumbnailUrl":"https:\/\/eros8.de\/wp-content\/uploads\/2025\/10\/Safdbda1f57354a9e8fe91b86336e9c17g-1.webp","datePublished":"2025-10-19T22:15:45+00:00","dateModified":"2025-11-04T18:16:37+00:00","description":"Dieser Laden verf\u00fcgt \u00fcber einen Lagerservice im Ausland!!Wir verf\u00fcgen \u00fcber \u00dcberseelager auf der ganzen Welt, die in 5\u201310 Tagen geliefert werden k\u00f6nnen.Die meisten europ\u00e4ischen L\u00e4nder verf\u00fcgen \u00fcber Lager im AuslandWeibliche Lebensgr\u00f6\u00dfe 1:1 realistischer Sex-Arsch, hochwertiges Material, sexy gro\u00dfer Hintern, bringen Ihnen ein anderes Erlebnis\u3010Das Gewicht und die Gr\u00f6\u00dfe sind im Bild angegeben\u3011Es k\u00f6nnen zwei Kan\u00e4le ausgew\u00e4hlt werden und das Gef\u00fchl ist unterschiedlichEs kann als Sexspielzeug f\u00fcr Paare verwendet werden, das Material ist wasserdicht, sicher und weich und bringt FreudeWir sch\u00fctzen Ihre Privatsph\u00e4re, niemand wird wissen, was Sie gekauft haben, es gibt keine Anweisungen in der Box","breadcrumb":{"@id":"https:\/\/eros8.de\/product\/lebensgroses-sexspielzeug-fur-manner-blase-groser-arsch-aber-sexpuppe-torso-realistische-vagina-analkanal-fur-mannliches-sexspielzeug-masturbator-vergnugen\/#breadcrumb"},"inLanguage":"de","potentialAction":[{"@type":"ReadAction","target":["https:\/\/eros8.de\/product\/lebensgroses-sexspielzeug-fur-manner-blase-groser-arsch-aber-sexpuppe-torso-realistische-vagina-analkanal-fur-mannliches-sexspielzeug-masturbator-vergnugen\/"]}]},{"@type":"ImageObject","inLanguage":"de","@id":"https:\/\/eros8.de\/product\/lebensgroses-sexspielzeug-fur-manner-blase-groser-arsch-aber-sexpuppe-torso-realistische-vagina-analkanal-fur-mannliches-sexspielzeug-masturbator-vergnugen\/#primaryimage","url":"https:\/\/eros8.de\/wp-content\/uploads\/2025\/10\/Safdbda1f57354a9e8fe91b86336e9c17g-1.webp","contentUrl":"https:\/\/eros8.de\/wp-content\/uploads\/2025\/10\/Safdbda1f57354a9e8fe91b86336e9c17g-1.webp","width":1000,"height":1000},{"@type":"BreadcrumbList","@id":"https:\/\/eros8.de\/product\/lebensgroses-sexspielzeug-fur-manner-blase-groser-arsch-aber-sexpuppe-torso-realistische-vagina-analkanal-fur-mannliches-sexspielzeug-masturbator-vergnugen\/#breadcrumb","itemListElement":[{"@type":"ListItem","position":1,"name":"Home","item":"https:\/\/eros8.de\/"},{"@type":"ListItem","position":2,"name":"Shop","item":"https:\/\/eros8.de\/shop\/"},{"@type":"ListItem","position":3,"name":"Love Blink"}]},{"@type":"WebSite","@id":"https:\/\/eros8.de\/#website","url":"https:\/\/eros8.de\/","name":"Eros 8","description":"Sex Shop &amp; Lingerie Store","publisher":{"@id":"https:\/\/eros8.de\/#organization"},"potentialAction":[{"@type":"SearchAction","target":{"@type":"EntryPoint","urlTemplate":"https:\/\/eros8.de\/?s={search_term_string}"},"query-input":{"@type":"PropertyValueSpecification","valueRequired":true,"valueName":"search_term_string"}}],"inLanguage":"de"},{"@type":"Organization","@id":"https:\/\/eros8.de\/#organization","name":"Eros 8","url":"https:\/\/eros8.de\/","logo":{"@type":"ImageObject","inLanguage":"de","@id":"https:\/\/eros8.de\/#\/schema\/logo\/image\/","url":"https:\/\/eros8.de\/wp-content\/uploads\/2025\/10\/EROS8.png","contentUrl":"https:\/\/eros8.de\/wp-content\/uploads\/2025\/10\/EROS8.png","width":256,"height":256,"caption":"Eros 8"},"image":{"@id":"https:\/\/eros8.de\/#\/schema\/logo\/image\/"}}]}},"_links":{"self":[{"href":"https:\/\/eros8.de\/de\/wp-json\/wp\/v2\/product\/56486","targetHints":{"allow":["GET"]}}],"collection":[{"href":"https:\/\/eros8.de\/de\/wp-json\/wp\/v2\/product"}],"about":[{"href":"https:\/\/eros8.de\/de\/wp-json\/wp\/v2\/types\/product"}],"replies":[{"embeddable":true,"href":"https:\/\/eros8.de\/de\/wp-json\/wp\/v2\/comments?post=56486"}],"wp:featuredmedia":[{"embeddable":true,"href":"https:\/\/eros8.de\/de\/wp-json\/wp\/v2\/media\/56480"}],"wp:attachment":[{"href":"https:\/\/eros8.de\/de\/wp-json\/wp\/v2\/media?parent=56486"}],"wp:term":[{"taxonomy":"product_brand","embeddable":true,"href":"https:\/\/eros8.de\/de\/wp-json\/wp\/v2\/product_brand?post=56486"},{"taxonomy":"product_cat","embeddable":true,"href":"https:\/\/eros8.de\/de\/wp-json\/wp\/v2\/product_cat?post=56486"},{"taxonomy":"product_tag","embeddable":true,"href":"https:\/\/eros8.de\/de\/wp-json\/wp\/v2\/product_tag?post=56486"}],"curies":[{"name":"wp","href":"https:\/\/api.w.org\/{rel}","templated":true}]}}